{"id":11525,"date":"2025-02-06T12:05:44","date_gmt":"2025-02-06T12:05:44","guid":{"rendered":"https:\/\/lagaleriedart.ch\/?page_id=11525"},"modified":"2025-02-07T13:40:59","modified_gmt":"2025-02-07T13:40:59","slug":"livre-partiel","status":"publish","type":"page","link":"https:\/\/lagaleriedart.ch\/pt\/portfolio\/livre-partiel\/","title":{"rendered":"Livre partiel"},"content":{"rendered":"<div data-elementor-type=\"wp-page\" data-elementor-id=\"11525\" class=\"elementor elementor-11525\" data-elementor-post-type=\"page\">\n\t\t\t\t<div class=\"elementor-element elementor-element-852c5a1 e-flex e-con-boxed e-con e-parent\" data-id=\"852c5a1\" data-element_type=\"container\" data-e-type=\"container\">\n\t\t\t\t\t<div class=\"e-con-inner\">\n\t\t<div class=\"elementor-element elementor-element-7129fbb e-con-full e-flex e-con e-child\" data-id=\"7129fbb\" data-element_type=\"container\" data-e-type=\"container\">\n\t\t\t\t<div class=\"elementor-element elementor-element-638dbcc ariane elementor-invisible elementor-widget elementor-widget-global elementor-global-2954 elementor-widget-shortcode\" data-id=\"638dbcc\" data-element_type=\"widget\" data-e-type=\"widget\" data-settings=\"{&quot;_animation&quot;:&quot;fadeIn&quot;}\" data-widget_type=\"shortcode.default\">\n\t\t\t\t<div class=\"elementor-widget-container\">\n\t\t\t\t\t\t\t<div class=\"elementor-shortcode\"><nav aria-label=\"p\u00e3o ralado\" class=\"rank-math-breadcrumb\"><p><span class=\"last\">In\u00edcio<\/span><\/p><\/nav><\/div>\n\t\t\t\t\t\t<\/div>\n\t\t\t\t<\/div>\n\t\t\t\t<\/div>\n\t\t<div class=\"elementor-element elementor-element-32a0bfb e-con-full e-flex e-con e-child\" data-id=\"32a0bfb\" data-element_type=\"container\" data-e-type=\"container\">\n\t\t\t\t<div class=\"elementor-element elementor-element-fddb6a0 elementor-widget elementor-widget-heading\" data-id=\"fddb6a0\" data-element_type=\"widget\" data-e-type=\"widget\" data-widget_type=\"heading.default\">\n\t\t\t\t<div class=\"elementor-widget-container\">\n\t\t\t\t\t<h2 class=\"elementor-heading-title elementor-size-default\">Le Livre Partiel<\/h2>\t\t\t\t<\/div>\n\t\t\t\t<\/div>\n\t\t\t\t<\/div>\n\t\t\t\t\t<\/div>\n\t\t\t\t<\/div>\n\t\t<div class=\"elementor-element elementor-element-015dd38 e-flex e-con-boxed e-con e-parent\" data-id=\"015dd38\" data-element_type=\"container\" data-e-type=\"container\" data-settings=\"{&quot;background_background&quot;:&quot;classic&quot;}\">\n\t\t\t\t\t<div class=\"e-con-inner\">\n\t\t<div class=\"elementor-element elementor-element-da721d9 e-con-full e-flex elementor-invisible e-con e-child\" data-id=\"da721d9\" data-element_type=\"container\" data-e-type=\"container\" data-settings=\"{&quot;animation&quot;:&quot;fadeIn&quot;}\">\n\t\t\t\t<div class=\"elementor-element elementor-element-794b938 e-n-tabs-mobile elementor-widget elementor-widget-n-tabs\" data-id=\"794b938\" data-element_type=\"widget\" data-e-type=\"widget\" id=\"custom-tabs\" data-settings=\"{&quot;tabs_justify_horizontal&quot;:&quot;start&quot;,&quot;horizontal_scroll&quot;:&quot;disable&quot;}\" data-widget_type=\"nested-tabs.default\">\n\t\t\t\t<div class=\"elementor-widget-container\">\n\t\t\t\t\t\t\t<div class=\"e-n-tabs\" data-widget-number=\"127187256\" aria-label=\"Tabs. Open items with Enter or Space, close with Escape and navigate using the Arrow keys.\">\n\t\t\t<div class=\"e-n-tabs-heading\" role=\"tablist\">\n\t\t\t\t\t<button id=\"e-n-tab-title-1271872561\" data-tab-title-id=\"e-n-tab-title-1271872561\" class=\"e-n-tab-title\" aria-selected=\"true\" data-tab-index=\"1\" role=\"tab\" tabindex=\"0\" aria-controls=\"e-n-tab-content-1271872561\" style=\"--n-tabs-title-order: 1;\">\n\t\t\t\t\t\t<span class=\"e-n-tab-title-text\">\n\t\t\t\tLe Book Partiel\t\t\t<\/span>\n\t\t<\/button>\n\t\t\t\t<button id=\"e-n-tab-title-1271872562\" data-tab-title-id=\"e-n-tab-title-1271872562\" class=\"e-n-tab-title\" aria-selected=\"false\" data-tab-index=\"2\" role=\"tab\" tabindex=\"-1\" aria-controls=\"e-n-tab-content-1271872562\" style=\"--n-tabs-title-order: 2;\">\n\t\t\t\t\t\t<span class=\"e-n-tab-title-text\">\n\t\t\t\tThe partial Book\t\t\t<\/span>\n\t\t<\/button>\n\t\t\t\t\t<\/div>\n\t\t\t<div class=\"e-n-tabs-content\">\n\t\t\t\t<div id=\"e-n-tab-content-1271872561\" role=\"tabpanel\" aria-labelledby=\"e-n-tab-title-1271872561\" data-tab-index=\"1\" style=\"--n-tabs-title-order: 1;\" class=\"e-active elementor-element elementor-element-c2df34c e-con-full e-flex e-con e-child\" data-id=\"c2df34c\" data-element_type=\"container\" data-e-type=\"container\">\n\t\t\t\t<div class=\"elementor-element elementor-element-0507777 elementor-invisible elementor-widget elementor-widget-text-editor\" data-id=\"0507777\" data-element_type=\"widget\" data-e-type=\"widget\" data-settings=\"{&quot;_animation&quot;:&quot;fadeIn&quot;}\" data-widget_type=\"text-editor.default\">\n\t\t\t\t<div class=\"elementor-widget-container\">\n\t\t\t\t\t\t\t\t\tCe book partiel en format num\u00e9rique, vous permettra de d\u00e9couvrir 22 tableaux s\u00e9lectionn\u00e9s par l\u2019artiste elle-m\u00eame. Ce petit aper\u00e7u de son travail, vous fera entrer dans un monde color\u00e9, comprenant paysages, portraits, natures mortes, sc\u00e8nes de genre ou encore nus.\r\n\r\nVous disposez d\u2019une version fran\u00e7aise et d\u2019une version anglaise.\r\n\r\nBonne d\u00e9couverte !\t\t\t\t\t\t\t\t<\/div>\n\t\t\t\t<\/div>\n\t\t\t\t<div class=\"elementor-element elementor-element-a4cefcc elementor-widget elementor-widget-shortcode\" data-id=\"a4cefcc\" data-element_type=\"widget\" data-e-type=\"widget\" data-widget_type=\"shortcode.default\">\n\t\t\t\t<div class=\"elementor-widget-container\">\n\t\t\t\t\t\t\t<div class=\"elementor-shortcode\"><div class=\"_df_thumb\" id=\"df_11203\"  _slug=\"atomic-habits\" data-title=\"le-book-partiel\" wpoptions=\"true\" thumb=\"https:\/\/lagaleriedart.ch\/wp-content\/uploads\/2025\/01\/Artiste-peintre-Architecte-partiel.jpg\" thumbtype=\"\" >O livro parcial<\/div><script class=\"df-shortcode-script\" nowprocket type=\"application\/javascript\">window.option_df_11203 = {\"outline\":[],\"backgroundColor\":\"#F7F7F7\",\"autoEnableOutline\":\"false\",\"autoEnableThumbnail\":\"false\",\"overwritePDFOutline\":\"false\",\"direction\":\"1\",\"pageSize\":\"0\",\"maxTextureSize\":\"1400\",\"source\":\"https:\\\/\\\/lagaleriedart.ch\\\/wp-content\\\/uploads\\\/2025\\\/01\\\/Book-partiel-22-oeuvres-SLK.pdf\",\"wpOptions\":\"true\"}; if(window.DFLIP && window.DFLIP.parseBooks){window.DFLIP.parseBooks();}<\/script><\/div>\n\t\t\t\t\t\t<\/div>\n\t\t\t\t<\/div>\n\t\t\t\t<\/div>\n\t\t<div id=\"e-n-tab-content-1271872562\" role=\"tabpanel\" aria-labelledby=\"e-n-tab-title-1271872562\" data-tab-index=\"2\" style=\"--n-tabs-title-order: 2;\" class=\"elementor-element elementor-element-059dc76 e-con-full e-flex e-con e-child\" data-id=\"059dc76\" data-element_type=\"container\" data-e-type=\"container\">\n\t\t\t\t<div class=\"elementor-element elementor-element-b8f366a elementor-invisible elementor-widget elementor-widget-text-editor\" data-id=\"b8f366a\" data-element_type=\"widget\" data-e-type=\"widget\" data-settings=\"{&quot;_animation&quot;:&quot;fadeIn&quot;}\" data-widget_type=\"text-editor.default\">\n\t\t\t\t<div class=\"elementor-widget-container\">\n\t\t\t\t\t\t\t\t\tThis partial digital book allows you to discover 22 paintings selected by the artist herself. This small glimpse of her work will take you into a colorful world, featuring landscapes, portraits, still lifes, genre scenes, and nudes.\r\n\r\nYou have access to both a French and an English version.\r\n\r\nEnjoy your discovery!\t\t\t\t\t\t\t\t<\/div>\n\t\t\t\t<\/div>\n\t\t\t\t<div class=\"elementor-element elementor-element-973d485 elementor-widget elementor-widget-shortcode\" data-id=\"973d485\" data-element_type=\"widget\" data-e-type=\"widget\" data-widget_type=\"shortcode.default\">\n\t\t\t\t<div class=\"elementor-widget-container\">\n\t\t\t\t\t\t\t<div class=\"elementor-shortcode\"><div class=\"_df_thumb\" id=\"df_11255\"  _slug=\"trad-book-143-oeuvres-slk\" data-title=\"the-partial-book\" wpoptions=\"true\" thumb=\"https:\/\/lagaleriedart.ch\/wp-content\/uploads\/2025\/01\/Painter-Architect-partial.jpg\" thumbtype=\"\" >The Partial Book<\/div><script class=\"df-shortcode-script\" nowprocket type=\"application\/javascript\">window.option_df_11255 = {\"outline\":[],\"backgroundColor\":\"#F7F7F7\",\"autoEnableOutline\":\"false\",\"autoEnableThumbnail\":\"false\",\"overwritePDFOutline\":\"false\",\"direction\":\"1\",\"pageSize\":\"0\",\"source\":\"https:\\\/\\\/lagaleriedart.ch\\\/wp-content\\\/uploads\\\/2025\\\/01\\\/Partial-Book-22-works-SLK.pdf\",\"wpOptions\":\"true\"}; if(window.DFLIP && window.DFLIP.parseBooks){window.DFLIP.parseBooks();}<\/script><\/div>\n\t\t\t\t\t\t<\/div>\n\t\t\t\t<\/div>\n\t\t\t\t<\/div>\n\t\t\t\t\t<\/div>\n\t\t<\/div>\n\t\t\t\t\t\t<\/div>\n\t\t\t\t<\/div>\n\t\t\t\t<\/div>\n\t\t\t\t\t<\/div>\n\t\t\t\t<\/div>\n\t\t\t\t<\/div>","protected":false},"excerpt":{"rendered":"","protected":false},"author":1,"featured_media":0,"parent":11523,"menu_order":0,"comment_status":"closed","ping_status":"closed","template":"","meta":{"_acf_changed":false,"footnotes":""},"class_list":["post-11525","page","type-page","status-publish","hentry"],"acf":[],"_links":{"self":[{"href":"https:\/\/lagaleriedart.ch\/pt\/wp-json\/wp\/v2\/pages\/11525","targetHints":{"allow":["GET"]}}],"collection":[{"href":"https:\/\/lagaleriedart.ch\/pt\/wp-json\/wp\/v2\/pages"}],"about":[{"href":"https:\/\/lagaleriedart.ch\/pt\/wp-json\/wp\/v2\/types\/page"}],"author":[{"embeddable":true,"href":"https:\/\/lagaleriedart.ch\/pt\/wp-json\/wp\/v2\/users\/1"}],"replies":[{"embeddable":true,"href":"https:\/\/lagaleriedart.ch\/pt\/wp-json\/wp\/v2\/comments?post=11525"}],"version-history":[{"count":169,"href":"https:\/\/lagaleriedart.ch\/pt\/wp-json\/wp\/v2\/pages\/11525\/revisions"}],"predecessor-version":[{"id":11826,"href":"https:\/\/lagaleriedart.ch\/pt\/wp-json\/wp\/v2\/pages\/11525\/revisions\/11826"}],"up":[{"embeddable":true,"href":"https:\/\/lagaleriedart.ch\/pt\/wp-json\/wp\/v2\/pages\/11523"}],"wp:attachment":[{"href":"https:\/\/lagaleriedart.ch\/pt\/wp-json\/wp\/v2\/media?parent=11525"}],"curies":[{"name":"wp","href":"https:\/\/api.w.org\/{rel}","templated":true}]}}