{"id":11523,"date":"2025-02-06T12:05:06","date_gmt":"2025-02-06T12:05:06","guid":{"rendered":"https:\/\/lagaleriedart.ch\/?page_id=11523"},"modified":"2025-09-29T13:34:02","modified_gmt":"2025-09-29T13:34:02","slug":"portfolio","status":"publish","type":"page","link":"https:\/\/lagaleriedart.ch\/fr_fr\/portfolio\/","title":{"rendered":"Portfolio"},"content":{"rendered":"\t\t<div data-elementor-type=\"wp-page\" data-elementor-id=\"11523\" class=\"elementor elementor-11523\" data-elementor-post-type=\"page\">\n\t\t\t\t<div class=\"elementor-element elementor-element-325a374 e-flex e-con-boxed e-con e-parent\" data-id=\"325a374\" data-element_type=\"container\" data-e-type=\"container\">\n\t\t\t\t\t<div class=\"e-con-inner\">\n\t\t<div class=\"elementor-element elementor-element-95c37e3 e-con-full e-flex e-con e-child\" data-id=\"95c37e3\" data-element_type=\"container\" data-e-type=\"container\">\n\t\t\t\t<div class=\"elementor-element elementor-element-2e526b1 ariane elementor-invisible elementor-widget elementor-widget-global elementor-global-2954 elementor-widget-shortcode\" data-id=\"2e526b1\" data-element_type=\"widget\" data-e-type=\"widget\" data-settings=\"{&quot;_animation&quot;:&quot;fadeIn&quot;}\" data-widget_type=\"shortcode.default\">\n\t\t\t\t<div class=\"elementor-widget-container\">\n\t\t\t\t\t\t\t<div class=\"elementor-shortcode\"><nav aria-label=\"breadcrumbs\" class=\"rank-math-breadcrumb\"><p><span class=\"last\">Accueil<\/span><\/p><\/nav><\/div>\n\t\t\t\t\t\t<\/div>\n\t\t\t\t<\/div>\n\t\t\t\t<\/div>\n\t\t<div class=\"elementor-element elementor-element-04c8a17 e-con-full e-flex e-con e-child\" data-id=\"04c8a17\" data-element_type=\"container\" data-e-type=\"container\">\n\t\t\t\t<div class=\"elementor-element elementor-element-88cd5b4 elementor-widget elementor-widget-heading\" data-id=\"88cd5b4\" data-element_type=\"widget\" data-e-type=\"widget\" data-widget_type=\"heading.default\">\n\t\t\t\t<div class=\"elementor-widget-container\">\n\t\t\t\t\t<h2 class=\"elementor-heading-title elementor-size-default\">Portfolio<\/h2>\t\t\t\t<\/div>\n\t\t\t\t<\/div>\n\t\t\t\t<\/div>\n\t\t\t\t\t<\/div>\n\t\t\t\t<\/div>\n\t\t<div class=\"elementor-element elementor-element-b352255 e-flex e-con-boxed e-con e-parent\" data-id=\"b352255\" data-element_type=\"container\" data-e-type=\"container\" data-settings=\"{&quot;background_background&quot;:&quot;classic&quot;}\">\n\t\t\t\t\t<div class=\"e-con-inner\">\n\t\t<div class=\"elementor-element elementor-element-5a25faf e-con-full e-flex elementor-invisible e-con e-child\" data-id=\"5a25faf\" data-element_type=\"container\" data-e-type=\"container\" data-settings=\"{&quot;animation&quot;:&quot;fadeIn&quot;}\">\n\t\t\t\t<div class=\"elementor-element elementor-element-ed2f2a0 e-n-tabs-mobile elementor-widget elementor-widget-n-tabs\" data-id=\"ed2f2a0\" data-element_type=\"widget\" data-e-type=\"widget\" id=\"custom-tabs\" data-settings=\"{&quot;tabs_justify_horizontal&quot;:&quot;start&quot;,&quot;horizontal_scroll&quot;:&quot;disable&quot;}\" data-widget_type=\"nested-tabs.default\">\n\t\t\t\t<div class=\"elementor-widget-container\">\n\t\t\t\t\t\t\t<div class=\"e-n-tabs\" data-widget-number=\"248705696\" aria-label=\"Onglets. Ouvrez des \u00e9l\u00e9ments avec Entrer ou Espace, fermez-les avec Echape et naviguez \u00e0 l&#039;aide des touches fl\u00e9ch\u00e9es.\">\n\t\t\t<div class=\"e-n-tabs-heading\" role=\"tablist\">\n\t\t\t\t\t<button id=\"e-n-tab-title-2487056961\" data-tab-title-id=\"e-n-tab-title-2487056961\" class=\"e-n-tab-title\" aria-selected=\"true\" data-tab-index=\"1\" role=\"tab\" tabindex=\"0\" aria-controls=\"e-n-tab-content-2487056961\" style=\"--n-tabs-title-order: 1;\">\n\t\t\t\t\t\t<span class=\"e-n-tab-title-text\">\n\t\t\t\tPortfolio de l'artiste\t\t\t<\/span>\n\t\t<\/button>\n\t\t\t\t<button id=\"e-n-tab-title-2487056962\" data-tab-title-id=\"e-n-tab-title-2487056962\" class=\"e-n-tab-title\" aria-selected=\"false\" data-tab-index=\"2\" role=\"tab\" tabindex=\"-1\" aria-controls=\"e-n-tab-content-2487056962\" style=\"--n-tabs-title-order: 2;\">\n\t\t\t\t\t\t<span class=\"e-n-tab-title-text\">\n\t\t\t\tThe artist's portfolio\t\t\t<\/span>\n\t\t<\/button>\n\t\t\t\t\t<\/div>\n\t\t\t<div class=\"e-n-tabs-content\">\n\t\t\t\t<div id=\"e-n-tab-content-2487056961\" role=\"tabpanel\" aria-labelledby=\"e-n-tab-title-2487056961\" data-tab-index=\"1\" style=\"--n-tabs-title-order: 1;\" class=\"e-active elementor-element elementor-element-b3a3cc0 e-con-full e-flex e-con e-child\" data-id=\"b3a3cc0\" data-element_type=\"container\" data-e-type=\"container\">\n\t\t\t\t<div class=\"elementor-element elementor-element-66da2c7 elementor-invisible elementor-widget elementor-widget-text-editor\" data-id=\"66da2c7\" data-element_type=\"widget\" data-e-type=\"widget\" data-settings=\"{&quot;_animation&quot;:&quot;fadeIn&quot;}\" data-widget_type=\"text-editor.default\">\n\t\t\t\t<div class=\"elementor-widget-container\">\n\t\t\t\t\t\t\t\t\tLe portfolio de Sandra Kupferschmid en format original vous permettra de d\u00e9couvrir son \u0153uvre compl\u00e8te, de mani\u00e8re ludique et avec des commentaires personnels de l\u2019Artiste, plus significatifs dans la 2\u00e8me partie. A la rentr\u00e9e 2025, son \u0153uvre atteint les 146 tableaux \u00e0 l\u2019huile et refl\u00e8te plusieurs p\u00e9riodes de cr\u00e9ation. La version fran\u00e7aise, ainsi que la version anglaise sont consultables. L\u2019\u0153uvre compl\u00e8te est prot\u00e9g\u00e9e par les droits d\u2019auteur et un d\u00e9p\u00f4t notarial.\t\t\t\t\t\t\t\t<\/div>\n\t\t\t\t<\/div>\n\t\t\t\t<div class=\"elementor-element elementor-element-c0d31a2 elementor-widget elementor-widget-shortcode\" data-id=\"c0d31a2\" data-element_type=\"widget\" data-e-type=\"widget\" data-widget_type=\"shortcode.default\">\n\t\t\t\t<div class=\"elementor-widget-container\">\n\t\t\t\t\t\t\t<div class=\"elementor-shortcode\"><div class=\"_df_thumb \" id=\"df_11869\"  _slug=\"le-book\" data-title=\"le-book\" wpoptions=\"true\" thumb=\"https:\/\/lagaleriedart.ch\/wp-content\/uploads\/2025\/02\/Cover-pour-site-21-x-26-cm-cover-FR.jpg\" thumbtype=\"\" >Le book<\/div><script class=\"df-shortcode-script\" nowprocket type=\"application\/javascript\">window.option_df_11869 = {\"outline\":[{\"title\":\"\",\"dest\":\"\"}],\"autoEnableOutline\":\"false\",\"autoEnableThumbnail\":\"false\",\"overwritePDFOutline\":\"false\",\"direction\":\"1\",\"pageSize\":\"0\",\"source\":\"https:\\\/\\\/lagaleriedart.ch\\\/wp-content\\\/uploads\\\/2025\\\/09\\\/Book-146-oeuvres-SLK.pdf\",\"wpOptions\":\"true\"}; if(window.DFLIP && window.DFLIP.parseBooks){window.DFLIP.parseBooks();}<\/script><\/div>\n\t\t\t\t\t\t<\/div>\n\t\t\t\t<\/div>\n\t\t\t\t<\/div>\n\t\t<div id=\"e-n-tab-content-2487056962\" role=\"tabpanel\" aria-labelledby=\"e-n-tab-title-2487056962\" data-tab-index=\"2\" style=\"--n-tabs-title-order: 2;\" class=\" elementor-element elementor-element-aadde81 e-con-full e-flex e-con e-child\" data-id=\"aadde81\" data-element_type=\"container\" data-e-type=\"container\">\n\t\t\t\t<div class=\"elementor-element elementor-element-419ee05 elementor-invisible elementor-widget elementor-widget-text-editor\" data-id=\"419ee05\" data-element_type=\"widget\" data-e-type=\"widget\" data-settings=\"{&quot;_animation&quot;:&quot;fadeIn&quot;}\" data-widget_type=\"text-editor.default\">\n\t\t\t\t<div class=\"elementor-widget-container\">\n\t\t\t\t\t\t\t\t\tSandra Kupferschmid\u2019s portfolio in its original format allows you to explore her complete works in a playful way, with personal comments from the artist, which are more meaningful in the second part. By 2025, her collection reaches 146 oil paintings and reflects several periods of creation. Both the French and English versions are available for viewing. The complete works are protected by copyright and a notarial deposit.\t\t\t\t\t\t\t\t<\/div>\n\t\t\t\t<\/div>\n\t\t\t\t<div class=\"elementor-element elementor-element-e4f4b41 elementor-widget elementor-widget-shortcode\" data-id=\"e4f4b41\" data-element_type=\"widget\" data-e-type=\"widget\" data-widget_type=\"shortcode.default\">\n\t\t\t\t<div class=\"elementor-widget-container\">\n\t\t\t\t\t\t\t<div class=\"elementor-shortcode\"><div class=\"_df_thumb \" id=\"df_11865\"  _slug=\"portfolio-en\" data-title=\"the-book\" wpoptions=\"true\" thumb=\"https:\/\/lagaleriedart.ch\/wp-content\/uploads\/2025\/02\/Cover-pour-site-21-x-26-cm-En-port-cover.jpg\" thumbtype=\"\" >The Book<\/div><script class=\"df-shortcode-script\" nowprocket type=\"application\/javascript\">window.option_df_11865 = {\"outline\":[],\"autoEnableOutline\":\"false\",\"autoEnableThumbnail\":\"false\",\"overwritePDFOutline\":\"false\",\"direction\":\"1\",\"pageSize\":\"0\",\"source\":\"https:\\\/\\\/lagaleriedart.ch\\\/wp-content\\\/uploads\\\/2025\\\/09\\\/Trad-Book-146-oeuvres-SLK.pdf\",\"wpOptions\":\"true\"}; if(window.DFLIP && window.DFLIP.parseBooks){window.DFLIP.parseBooks();}<\/script><\/div>\n\t\t\t\t\t\t<\/div>\n\t\t\t\t<\/div>\n\t\t\t\t<\/div>\n\t\t\t\t\t<\/div>\n\t\t<\/div>\n\t\t\t\t\t\t<\/div>\n\t\t\t\t<\/div>\n\t\t\t\t<\/div>\n\t\t\t\t\t<\/div>\n\t\t\t\t<\/div>\n\t\t\t\t<\/div>\n\t\t","protected":false},"excerpt":{"rendered":"","protected":false},"author":1,"featured_media":0,"parent":0,"menu_order":0,"comment_status":"closed","ping_status":"closed","template":"","meta":{"_acf_changed":false,"footnotes":""},"class_list":["post-11523","page","type-page","status-publish","hentry"],"acf":[],"_links":{"self":[{"href":"https:\/\/lagaleriedart.ch\/fr_fr\/wp-json\/wp\/v2\/pages\/11523","targetHints":{"allow":["GET"]}}],"collection":[{"href":"https:\/\/lagaleriedart.ch\/fr_fr\/wp-json\/wp\/v2\/pages"}],"about":[{"href":"https:\/\/lagaleriedart.ch\/fr_fr\/wp-json\/wp\/v2\/types\/page"}],"author":[{"embeddable":true,"href":"https:\/\/lagaleriedart.ch\/fr_fr\/wp-json\/wp\/v2\/users\/1"}],"replies":[{"embeddable":true,"href":"https:\/\/lagaleriedart.ch\/fr_fr\/wp-json\/wp\/v2\/comments?post=11523"}],"version-history":[{"count":35,"href":"https:\/\/lagaleriedart.ch\/fr_fr\/wp-json\/wp\/v2\/pages\/11523\/revisions"}],"predecessor-version":[{"id":11930,"href":"https:\/\/lagaleriedart.ch\/fr_fr\/wp-json\/wp\/v2\/pages\/11523\/revisions\/11930"}],"wp:attachment":[{"href":"https:\/\/lagaleriedart.ch\/fr_fr\/wp-json\/wp\/v2\/media?parent=11523"}],"curies":[{"name":"wp","href":"https:\/\/api.w.org\/{rel}","templated":true}]}}