{"id":162,"date":"2020-03-31T11:35:40","date_gmt":"2020-03-31T11:35:40","guid":{"rendered":"https:\/\/lagaleriedart.ch\/?page_id=162"},"modified":"2025-10-01T20:12:14","modified_gmt":"2025-10-01T20:12:14","slug":"accueil","status":"publish","type":"page","link":"https:\/\/lagaleriedart.ch\/es\/","title":{"rendered":"Inicio"},"content":{"rendered":"<div data-elementor-type=\"wp-page\" data-elementor-id=\"162\" class=\"elementor elementor-162\" data-elementor-post-type=\"page\">\n\t\t\t\t\t\t<section class=\"elementor-section elementor-top-section elementor-element elementor-element-b2c0418 elementor-section-boxed elementor-section-height-default elementor-section-height-default elementor-invisible\" data-id=\"b2c0418\" data-element_type=\"section\" data-e-type=\"section\" data-settings=\"{&quot;background_background&quot;:&quot;classic&quot;,&quot;animation&quot;:&quot;fadeIn&quot;}\">\n\t\t\t\t\t\t\t<div class=\"elementor-background-overlay\"><\/div>\n\t\t\t\t\t\t\t<div class=\"elementor-container elementor-column-gap-default\">\n\t\t\t\t\t<div class=\"elementor-column elementor-col-50 elementor-top-column elementor-element elementor-element-bce1d73\" data-id=\"bce1d73\" data-element_type=\"column\" data-e-type=\"column\" data-settings=\"{&quot;background_background&quot;:&quot;classic&quot;}\">\n\t\t\t<div class=\"elementor-widget-wrap elementor-element-populated\">\n\t\t\t\t\t\t<div class=\"elementor-element elementor-element-6ff1ffd elementor-invisible elementor-widget elementor-widget-heading\" data-id=\"6ff1ffd\" data-element_type=\"widget\" data-e-type=\"widget\" data-settings=\"{&quot;_animation&quot;:&quot;fadeIn&quot;}\" data-widget_type=\"heading.default\">\n\t\t\t\t<div class=\"elementor-widget-container\">\n\t\t\t\t\t<h2 class=\"elementor-heading-title elementor-size-default\">La galer\u00eda de arte<\/h2>\t\t\t\t<\/div>\n\t\t\t\t<\/div>\n\t\t\t\t<div class=\"elementor-element elementor-element-008ec73 animated-slow elementor-invisible elementor-widget elementor-widget-text-editor\" data-id=\"008ec73\" data-element_type=\"widget\" data-e-type=\"widget\" data-settings=\"{&quot;_animation&quot;:&quot;fadeIn&quot;}\" data-widget_type=\"text-editor.default\">\n\t\t\t\t<div class=\"elementor-widget-container\">\n\t\t\t\t\t\t\t\t\tExposici\u00f3n de obras de Sandra Leitao Kupferschmid, pintora, arquitecta y profesora fundadora del Atelier Indigo. M\u00e1s de 50 \u00f3leos para descubrir en un lugar dedicado al Arte que le encantar\u00e1 y sorprender\u00e1....\r\n\r\n\t\t\t\t\t\t\t\t<\/div>\n\t\t\t\t<\/div>\n\t\t\t\t<div class=\"elementor-element elementor-element-4561edc animated-slow elementor-invisible elementor-widget elementor-widget-text-editor\" data-id=\"4561edc\" data-element_type=\"widget\" data-e-type=\"widget\" data-settings=\"{&quot;_animation&quot;:&quot;fadeIn&quot;}\" data-widget_type=\"text-editor.default\">\n\t\t\t\t<div class=\"elementor-widget-container\">\n\t\t\t\t\t\t\t\t\tFoto Aur\u00e9lie Felli\t\t\t\t\t\t\t\t<\/div>\n\t\t\t\t<\/div>\n\t\t\t\t<div class=\"elementor-element elementor-element-3b8b42d elementor-mobile-align-justify elementor-align-left elementor-tablet-align-justify elementor-widget-mobile__width-inherit elementor-invisible elementor-widget elementor-widget-button\" data-id=\"3b8b42d\" data-element_type=\"widget\" data-e-type=\"widget\" data-settings=\"{&quot;_animation&quot;:&quot;fadeInUp&quot;}\" data-widget_type=\"button.default\">\n\t\t\t\t<div class=\"elementor-widget-container\">\n\t\t\t\t\t\t\t\t\t<div class=\"elementor-button-wrapper\">\n\t\t\t\t\t<a class=\"elementor-button elementor-button-link elementor-size-sm elementor-animation-float\" href=\"https:\/\/lagaleriedart.ch\/es\/oeuvres\/\">\n\t\t\t\t\t\t<span class=\"elementor-button-content-wrapper\">\n\t\t\t\t\t\t\t\t\t<span class=\"elementor-button-text\">Obras<\/span>\n\t\t\t\t\t<\/span>\n\t\t\t\t\t<\/a>\n\t\t\t\t<\/div>\n\t\t\t\t\t\t\t\t<\/div>\n\t\t\t\t<\/div>\n\t\t\t\t\t<\/div>\n\t\t<\/div>\n\t\t\t\t<div class=\"elementor-column elementor-col-50 elementor-top-column elementor-element elementor-element-0874f75\" data-id=\"0874f75\" data-element_type=\"column\" data-e-type=\"column\" data-settings=\"{&quot;background_background&quot;:&quot;classic&quot;}\">\n\t\t\t<div class=\"elementor-widget-wrap\">\n\t\t\t\t\t<div class=\"elementor-background-overlay\"><\/div>\n\t\t\t\t\t\t\t<\/div>\n\t\t<\/div>\n\t\t\t\t\t<\/div>\n\t\t<\/section>\n\t\t\t\t<section class=\"elementor-section elementor-top-section elementor-element elementor-element-a35fa39 elementor-reverse-mobile elementor-section-boxed elementor-section-height-default elementor-section-height-default\" data-id=\"a35fa39\" data-element_type=\"section\" data-e-type=\"section\" data-settings=\"{&quot;background_background&quot;:&quot;classic&quot;}\">\n\t\t\t\t\t\t<div class=\"elementor-container elementor-column-gap-default\">\n\t\t\t\t\t<div class=\"elementor-column elementor-col-50 elementor-top-column elementor-element elementor-element-1bb8cc1\" data-id=\"1bb8cc1\" data-element_type=\"column\" data-e-type=\"column\" data-settings=\"{&quot;background_background&quot;:&quot;classic&quot;}\">\n\t\t\t<div class=\"elementor-widget-wrap elementor-element-populated\">\n\t\t\t\t\t\t<div class=\"elementor-element elementor-element-c23226d elementor-invisible elementor-widget elementor-widget-image\" data-id=\"c23226d\" data-element_type=\"widget\" data-e-type=\"widget\" data-settings=\"{&quot;_animation&quot;:&quot;fadeIn&quot;}\" data-widget_type=\"image.default\">\n\t\t\t\t<div class=\"elementor-widget-container\">\n\t\t\t\t\t\t\t\t\t\t\t\t\t\t\t<img fetchpriority=\"high\" decoding=\"async\" width=\"765\" height=\"1125\" src=\"https:\/\/lagaleriedart.ch\/wp-content\/uploads\/2020\/05\/sandra-book.png\" class=\"attachment-full size-full wp-image-541\" alt=\"\" srcset=\"https:\/\/lagaleriedart.ch\/wp-content\/uploads\/2020\/05\/sandra-book.png 765w, https:\/\/lagaleriedart.ch\/wp-content\/uploads\/2020\/05\/sandra-book-204x300.png 204w, https:\/\/lagaleriedart.ch\/wp-content\/uploads\/2020\/05\/sandra-book-696x1024.png 696w\" sizes=\"(max-width: 765px) 100vw, 765px\" \/>\t\t\t\t\t\t\t\t\t\t\t\t\t\t\t<\/div>\n\t\t\t\t<\/div>\n\t\t\t\t\t<\/div>\n\t\t<\/div>\n\t\t\t\t<div class=\"elementor-column elementor-col-50 elementor-top-column elementor-element elementor-element-673253b\" data-id=\"673253b\" data-element_type=\"column\" data-e-type=\"column\" data-settings=\"{&quot;background_background&quot;:&quot;classic&quot;}\">\n\t\t\t<div class=\"elementor-widget-wrap elementor-element-populated\">\n\t\t\t\t\t\t<div class=\"elementor-element elementor-element-ed5c289 elementor-invisible elementor-widget elementor-widget-heading\" data-id=\"ed5c289\" data-element_type=\"widget\" data-e-type=\"widget\" data-settings=\"{&quot;_animation&quot;:&quot;fadeIn&quot;}\" data-widget_type=\"heading.default\">\n\t\t\t\t<div class=\"elementor-widget-container\">\n\t\t\t\t\t<h2 class=\"elementor-heading-title elementor-size-default\">La historia de un libro<\/h2>\t\t\t\t<\/div>\n\t\t\t\t<\/div>\n\t\t\t\t<div class=\"elementor-element elementor-element-4a274c2 animated-slow elementor-invisible elementor-widget elementor-widget-text-editor\" data-id=\"4a274c2\" data-element_type=\"widget\" data-e-type=\"widget\" data-settings=\"{&quot;_animation&quot;:&quot;fadeIn&quot;}\" data-widget_type=\"text-editor.default\">\n\t\t\t\t<div class=\"elementor-widget-container\">\n\t\t\t\t\t\t\t\t\tEste libro contiene 284 p\u00e1ginas con toda mi obra como pintor, arquitecto, editor, galerista y profesor. Para la otra carta: En letra grande y dorada cito\u00ab. He querido hacer este libro para dedic\u00e1rselo a mis seres queridos, a quienes tanto amo. Este libro me ha permitido hacer balance de mi media vida como arquitecto, pintor, profesor, galerista y escritor, al tiempo que me he dado cuenta de lo lejos que he llegado por m\u00ed mismo. Disponible en versi\u00f3n impresa a partir de agosto de 2020.\r\n\r\n\t\t\t\t\t\t\t\t<\/div>\n\t\t\t\t<\/div>\n\t\t\t\t<div class=\"elementor-element elementor-element-5e923af elementor-mobile-align-justify elementor-align-left elementor-tablet-align-justify elementor-widget-mobile__width-inherit elementor-invisible elementor-widget elementor-widget-button\" data-id=\"5e923af\" data-element_type=\"widget\" data-e-type=\"widget\" data-settings=\"{&quot;_animation&quot;:&quot;fadeInUp&quot;}\" data-widget_type=\"button.default\">\n\t\t\t\t<div class=\"elementor-widget-container\">\n\t\t\t\t\t\t\t\t\t<div class=\"elementor-button-wrapper\">\n\t\t\t\t\t<a class=\"elementor-button elementor-button-link elementor-size-sm elementor-animation-float\" href=\"https:\/\/lagaleriedart.ch\/es\/oeuvres\/livre\/\">\n\t\t\t\t\t\t<span class=\"elementor-button-content-wrapper\">\n\t\t\t\t\t\t\t\t\t<span class=\"elementor-button-text\">Descubra<\/span>\n\t\t\t\t\t<\/span>\n\t\t\t\t\t<\/a>\n\t\t\t\t<\/div>\n\t\t\t\t\t\t\t\t<\/div>\n\t\t\t\t<\/div>\n\t\t\t\t\t<\/div>\n\t\t<\/div>\n\t\t\t\t\t<\/div>\n\t\t<\/section>\n\t\t\t\t<section class=\"elementor-section elementor-top-section elementor-element elementor-element-d7f730e elementor-section-boxed elementor-section-height-default elementor-section-height-default\" data-id=\"d7f730e\" data-element_type=\"section\" data-e-type=\"section\" data-settings=\"{&quot;background_background&quot;:&quot;classic&quot;}\">\n\t\t\t\t\t\t<div class=\"elementor-container elementor-column-gap-default\">\n\t\t\t\t\t<div class=\"elementor-column elementor-col-33 elementor-top-column elementor-element elementor-element-d56f681\" data-id=\"d56f681\" data-element_type=\"column\" data-e-type=\"column\">\n\t\t\t<div class=\"elementor-widget-wrap elementor-element-populated\">\n\t\t\t\t\t\t<div class=\"elementor-element elementor-element-032d1e6 elementor-invisible elementor-widget elementor-widget-heading\" data-id=\"032d1e6\" data-element_type=\"widget\" data-e-type=\"widget\" data-settings=\"{&quot;_animation&quot;:&quot;fadeIn&quot;}\" data-widget_type=\"heading.default\">\n\t\t\t\t<div class=\"elementor-widget-container\">\n\t\t\t\t\t<h2 class=\"elementor-heading-title elementor-size-default\"><a href=\"https:\/\/lagaleriedart.ch\/es\/artiste\/actualites\/#category-event\">Noticias<\/a><\/h2>\t\t\t\t<\/div>\n\t\t\t\t<\/div>\n\t\t\t\t\t<\/div>\n\t\t<\/div>\n\t\t\t\t<div class=\"elementor-column elementor-col-33 elementor-top-column elementor-element elementor-element-3927029\" data-id=\"3927029\" data-element_type=\"column\" data-e-type=\"column\">\n\t\t\t<div class=\"elementor-widget-wrap\">\n\t\t\t\t\t\t\t<\/div>\n\t\t<\/div>\n\t\t\t\t<div class=\"elementor-column elementor-col-33 elementor-top-column elementor-element elementor-element-71f9d97\" data-id=\"71f9d97\" data-element_type=\"column\" data-e-type=\"column\">\n\t\t\t<div class=\"elementor-widget-wrap\">\n\t\t\t\t\t\t\t<\/div>\n\t\t<\/div>\n\t\t\t\t\t<\/div>\n\t\t<\/section>\n\t\t\t\t<section class=\"elementor-section elementor-top-section elementor-element elementor-element-cb6e97b elementor-section-boxed elementor-section-height-default elementor-section-height-default\" data-id=\"cb6e97b\" data-element_type=\"section\" data-e-type=\"section\" data-settings=\"{&quot;background_background&quot;:&quot;classic&quot;}\">\n\t\t\t\t\t\t<div class=\"elementor-container elementor-column-gap-default\">\n\t\t\t\t\t<div class=\"elementor-column elementor-col-100 elementor-top-column elementor-element elementor-element-938e94e\" data-id=\"938e94e\" data-element_type=\"column\" data-e-type=\"column\">\n\t\t\t<div class=\"elementor-widget-wrap elementor-element-populated\">\n\t\t\t\t\t\t<div class=\"elementor-element elementor-element-dfb3cb5 elementor-grid-3 elementor-grid-tablet-2 elementor-grid-mobile-1 elementor-posts--thumbnail-top elementor-widget elementor-widget-posts\" data-id=\"dfb3cb5\" data-element_type=\"widget\" data-e-type=\"widget\" data-settings=\"{&quot;classic_row_gap&quot;:{&quot;unit&quot;:&quot;px&quot;,&quot;size&quot;:0,&quot;sizes&quot;:[]},&quot;classic_row_gap_tablet&quot;:{&quot;unit&quot;:&quot;px&quot;,&quot;size&quot;:0,&quot;sizes&quot;:[]},&quot;classic_row_gap_mobile&quot;:{&quot;unit&quot;:&quot;px&quot;,&quot;size&quot;:0,&quot;sizes&quot;:[]},&quot;classic_columns&quot;:&quot;3&quot;,&quot;classic_columns_tablet&quot;:&quot;2&quot;,&quot;classic_columns_mobile&quot;:&quot;1&quot;}\" data-widget_type=\"posts.classic\">\n\t\t\t\t<div class=\"elementor-widget-container\">\n\t\t\t\t\t\t\t<div class=\"elementor-posts-container elementor-posts elementor-posts--skin-classic elementor-grid\" role=\"list\">\r\n\t\t\t\t<article class=\"elementor-post elementor-grid-item post-11874 post type-post status-publish format-standard has-post-thumbnail hentry category-uncategorized\" role=\"listitem\">\r\n\t\t\t\t<a class=\"elementor-post__thumbnail__link\" href=\"https:\/\/lagaleriedart.ch\/es\/quand-le-3eme-art-rencontre-le-7eme-art\/\" tabindex=\"-1\" >\r\n\t\t\t<div class=\"elementor-post__thumbnail\"><img decoding=\"async\" width=\"1417\" height=\"945\" src=\"https:\/\/lagaleriedart.ch\/wp-content\/uploads\/2025\/09\/Photo-lever-de-voile-1-1.jpg\" class=\"attachment-full size-full wp-image-11878\" alt=\"\" srcset=\"https:\/\/lagaleriedart.ch\/wp-content\/uploads\/2025\/09\/Photo-lever-de-voile-1-1.jpg 1417w, https:\/\/lagaleriedart.ch\/wp-content\/uploads\/2025\/09\/Photo-lever-de-voile-1-1-300x200.jpg 300w, https:\/\/lagaleriedart.ch\/wp-content\/uploads\/2025\/09\/Photo-lever-de-voile-1-1-1024x683.jpg 1024w, https:\/\/lagaleriedart.ch\/wp-content\/uploads\/2025\/09\/Photo-lever-de-voile-1-1-768x512.jpg 768w\" sizes=\"(max-width: 1417px) 100vw, 1417px\" \/><\/div>\r\n\t\t<\/a>\r\n\t\t\t\t<div class=\"elementor-post__text\">\r\n\t\t\t\t<h3 class=\"elementor-post__title\">\r\n\t\t\t<a href=\"https:\/\/lagaleriedart.ch\/es\/quand-le-3eme-art-rencontre-le-7eme-art\/\" >\r\n\t\t\t\tCuando el 3er Arte se encuentra con el 7\u00ba Arte\t\t\t<\/a>\r\n\t\t<\/h3>\r\n\t\t\t\t<div class=\"elementor-post__meta-data\">\r\n\t\t\t\t\t<span class=\"elementor-post-date\">\r\n\t\t\t21 de septiembre de 2025\t\t<\/span>\r\n\t\t\t\t<\/div>\r\n\t\t\t\t<\/div>\r\n\t\t\t\t<\/article>\r\n\t\t\t\t<article class=\"elementor-post elementor-grid-item post-11855 post type-post status-publish format-standard has-post-thumbnail hentry category-uncategorized\" role=\"listitem\">\r\n\t\t\t\t<a class=\"elementor-post__thumbnail__link\" href=\"https:\/\/lagaleriedart.ch\/es\/lever-de-voile-a-la-galerie-dart-le-samedi-13-septembre-prochain\/\" tabindex=\"-1\" >\r\n\t\t\t<div class=\"elementor-post__thumbnail\"><img decoding=\"async\" width=\"2560\" height=\"1707\" src=\"https:\/\/lagaleriedart.ch\/wp-content\/uploads\/2025\/09\/IMG_0236-scaled.jpg\" class=\"attachment-full size-full wp-image-11856\" alt=\"\" srcset=\"https:\/\/lagaleriedart.ch\/wp-content\/uploads\/2025\/09\/IMG_0236-scaled.jpg 2560w, https:\/\/lagaleriedart.ch\/wp-content\/uploads\/2025\/09\/IMG_0236-300x200.jpg 300w, https:\/\/lagaleriedart.ch\/wp-content\/uploads\/2025\/09\/IMG_0236-1024x683.jpg 1024w, https:\/\/lagaleriedart.ch\/wp-content\/uploads\/2025\/09\/IMG_0236-768x512.jpg 768w, https:\/\/lagaleriedart.ch\/wp-content\/uploads\/2025\/09\/IMG_0236-1536x1024.jpg 1536w, https:\/\/lagaleriedart.ch\/wp-content\/uploads\/2025\/09\/IMG_0236-2048x1366.jpg 2048w\" sizes=\"(max-width: 2560px) 100vw, 2560px\" \/><\/div>\r\n\t\t<\/a>\r\n\t\t\t\t<div class=\"elementor-post__text\">\r\n\t\t\t\t<h3 class=\"elementor-post__title\">\r\n\t\t\t<a href=\"https:\/\/lagaleriedart.ch\/es\/lever-de-voile-a-la-galerie-dart-le-samedi-13-septembre-prochain\/\" >\r\n\t\t\t\tLa Galerie d'Art abre el tel\u00f3n el s\u00e1bado 13 de septiembre.\t\t\t<\/a>\r\n\t\t<\/h3>\r\n\t\t\t\t<div class=\"elementor-post__meta-data\">\r\n\t\t\t\t\t<span class=\"elementor-post-date\">\r\n\t\t\t11 de septiembre de 2025\t\t<\/span>\r\n\t\t\t\t<\/div>\r\n\t\t\t\t<\/div>\r\n\t\t\t\t<\/article>\r\n\t\t\t\t<article class=\"elementor-post elementor-grid-item post-11762 post type-post status-publish format-standard has-post-thumbnail hentry category-livre\" role=\"listitem\">\r\n\t\t\t\t<a class=\"elementor-post__thumbnail__link\" href=\"https:\/\/lagaleriedart.ch\/es\/plongez-dans-lart-de-sandra-kupferschmid\/\" tabindex=\"-1\" >\r\n\t\t\t<div class=\"elementor-post__thumbnail\"><img loading=\"lazy\" decoding=\"async\" width=\"2216\" height=\"2560\" src=\"https:\/\/lagaleriedart.ch\/wp-content\/uploads\/2024\/06\/coucher-de-soleil-sur-les-dents-du-midi-scaled.jpg\" class=\"attachment-full size-full wp-image-10215\" alt=\"\" srcset=\"https:\/\/lagaleriedart.ch\/wp-content\/uploads\/2024\/06\/coucher-de-soleil-sur-les-dents-du-midi-scaled.jpg 2216w, https:\/\/lagaleriedart.ch\/wp-content\/uploads\/2024\/06\/coucher-de-soleil-sur-les-dents-du-midi-260x300.jpg 260w, https:\/\/lagaleriedart.ch\/wp-content\/uploads\/2024\/06\/coucher-de-soleil-sur-les-dents-du-midi-887x1024.jpg 887w, https:\/\/lagaleriedart.ch\/wp-content\/uploads\/2024\/06\/coucher-de-soleil-sur-les-dents-du-midi-768x887.jpg 768w, https:\/\/lagaleriedart.ch\/wp-content\/uploads\/2024\/06\/coucher-de-soleil-sur-les-dents-du-midi-1330x1536.jpg 1330w, https:\/\/lagaleriedart.ch\/wp-content\/uploads\/2024\/06\/coucher-de-soleil-sur-les-dents-du-midi-1773x2048.jpg 1773w\" sizes=\"(max-width: 2216px) 100vw, 2216px\" \/><\/div>\r\n\t\t<\/a>\r\n\t\t\t\t<div class=\"elementor-post__text\">\r\n\t\t\t\t<h3 class=\"elementor-post__title\">\r\n\t\t\t<a href=\"https:\/\/lagaleriedart.ch\/es\/plongez-dans-lart-de-sandra-kupferschmid\/\" >\r\n\t\t\t\tSum\u00e9rjase en el arte de Sandra KUPFERSCHMID\t\t\t<\/a>\r\n\t\t<\/h3>\r\n\t\t\t\t<div class=\"elementor-post__meta-data\">\r\n\t\t\t\t\t<span class=\"elementor-post-date\">\r\n\t\t\t6 de febrero de 2025\t\t<\/span>\r\n\t\t\t\t<\/div>\r\n\t\t\t\t<\/div>\r\n\t\t\t\t<\/article>\r\n\t\t\t\t<\/div>\r\n\t\t\r\n\t\t\t\t\t\t<\/div>\n\t\t\t\t<\/div>\n\t\t\t\t\t<\/div>\n\t\t<\/div>\n\t\t\t\t\t<\/div>\n\t\t<\/section>\n\t\t\t\t<section class=\"elementor-section elementor-top-section elementor-element elementor-element-8ea8a28 elementor-section-boxed elementor-section-height-default elementor-section-height-default\" data-id=\"8ea8a28\" data-element_type=\"section\" data-e-type=\"section\" data-settings=\"{&quot;background_background&quot;:&quot;classic&quot;}\">\n\t\t\t\t\t\t\t<div class=\"elementor-background-overlay\"><\/div>\n\t\t\t\t\t\t\t<div class=\"elementor-container elementor-column-gap-default\">\n\t\t\t\t\t<div class=\"elementor-column elementor-col-50 elementor-top-column elementor-element elementor-element-e890ff1\" data-id=\"e890ff1\" data-element_type=\"column\" data-e-type=\"column\" data-settings=\"{&quot;background_background&quot;:&quot;classic&quot;}\">\n\t\t\t<div class=\"elementor-widget-wrap elementor-element-populated\">\n\t\t\t\t\t\t<div class=\"elementor-element elementor-element-ae35b3d elementor-tablet-align-justify elementor-mobile-align-justify elementor-widget-mobile__width-inherit elementor-align-left elementor-invisible elementor-widget elementor-widget-button\" data-id=\"ae35b3d\" data-element_type=\"widget\" data-e-type=\"widget\" data-settings=\"{&quot;_animation&quot;:&quot;fadeInUp&quot;}\" data-widget_type=\"button.default\">\n\t\t\t\t<div class=\"elementor-widget-container\">\n\t\t\t\t\t\t\t\t\t<div class=\"elementor-button-wrapper\">\n\t\t\t\t\t<a class=\"elementor-button elementor-button-link elementor-size-sm elementor-animation-float\" href=\"http:\/\/latelierindigo.ch\" target=\"_blank\" rel=\"noopener\">\n\t\t\t\t\t\t<span class=\"elementor-button-content-wrapper\">\n\t\t\t\t\t\t\t\t\t<span class=\"elementor-button-text\">Descubra<\/span>\n\t\t\t\t\t<\/span>\n\t\t\t\t\t<\/a>\n\t\t\t\t<\/div>\n\t\t\t\t\t\t\t\t<\/div>\n\t\t\t\t<\/div>\n\t\t\t\t\t<\/div>\n\t\t<\/div>\n\t\t\t\t<div class=\"elementor-column elementor-col-50 elementor-top-column elementor-element elementor-element-a199a11\" data-id=\"a199a11\" data-element_type=\"column\" data-e-type=\"column\">\n\t\t\t<div class=\"elementor-widget-wrap\">\n\t\t\t\t\t\t\t<\/div>\n\t\t<\/div>\n\t\t\t\t\t<\/div>\n\t\t<\/section>\n\t\t<div class=\"elementor-element elementor-element-c9e88c1 e-grid e-con-boxed e-con e-parent\" data-id=\"c9e88c1\" data-element_type=\"container\" data-e-type=\"container\">\n\t\t\t\t\t<div class=\"e-con-inner\">\n\t\t\t\t<div class=\"elementor-element elementor-element-ead0190 elementor-view-default elementor-widget elementor-widget-icon\" data-id=\"ead0190\" data-element_type=\"widget\" data-e-type=\"widget\" data-widget_type=\"icon.default\">\n\t\t\t\t<div class=\"elementor-widget-container\">\n\t\t\t\t\t\t\t<div class=\"elementor-icon-wrapper\">\n\t\t\t<a class=\"elementor-icon\" href=\"https:\/\/www.instagram.com\/lagaleriedartslk\/\" target=\"_blank\" rel=\"noopener\">\n\t\t\t<i aria-hidden=\"true\" class=\"fab fa-instagram\"><\/i>\t\t\t<\/a>\n\t\t<\/div>\n\t\t\t\t\t\t<\/div>\n\t\t\t\t<\/div>\n\t\t\t\t<div class=\"elementor-element elementor-element-e70a24b elementor-view-default elementor-widget elementor-widget-icon\" data-id=\"e70a24b\" data-element_type=\"widget\" data-e-type=\"widget\" data-widget_type=\"icon.default\">\n\t\t\t\t<div class=\"elementor-widget-container\">\n\t\t\t\t\t\t\t<div class=\"elementor-icon-wrapper\">\n\t\t\t<a class=\"elementor-icon\" href=\"http:\/\/www.linkedin.com\/in\/sandra-leitao-kupferschmid-426087318\" target=\"_blank\" rel=\"noopener\">\n\t\t\t<i aria-hidden=\"true\" class=\"fab fa-linkedin\"><\/i>\t\t\t<\/a>\n\t\t<\/div>\n\t\t\t\t\t\t<\/div>\n\t\t\t\t<\/div>\n\t\t\t\t<div class=\"elementor-element elementor-element-fa64629 elementor-view-default elementor-widget elementor-widget-icon\" data-id=\"fa64629\" data-element_type=\"widget\" data-e-type=\"widget\" data-widget_type=\"icon.default\">\n\t\t\t\t<div class=\"elementor-widget-container\">\n\t\t\t\t\t\t\t<div class=\"elementor-icon-wrapper\">\n\t\t\t<a class=\"elementor-icon\" href=\"https:\/\/www.latelierindigo.ch\/\" target=\"_blank\" rel=\"noopener\">\n\t\t\t<i aria-hidden=\"true\" class=\"fas fa-link\"><\/i>\t\t\t<\/a>\n\t\t<\/div>\n\t\t\t\t\t\t<\/div>\n\t\t\t\t<\/div>\n\t\t\t\t\t<\/div>\n\t\t\t\t<\/div>\n\t\t\t\t<\/div>","protected":false},"excerpt":{"rendered":"<p>Obras Descubrir Descubrir<\/p>","protected":false},"author":1,"featured_media":96,"parent":0,"menu_order":0,"comment_status":"closed","ping_status":"closed","template":"","meta":{"_acf_changed":false,"footnotes":""},"class_list":["post-162","page","type-page","status-publish","has-post-thumbnail","hentry"],"acf":[],"_links":{"self":[{"href":"https:\/\/lagaleriedart.ch\/es\/wp-json\/wp\/v2\/pages\/162","targetHints":{"allow":["GET"]}}],"collection":[{"href":"https:\/\/lagaleriedart.ch\/es\/wp-json\/wp\/v2\/pages"}],"about":[{"href":"https:\/\/lagaleriedart.ch\/es\/wp-json\/wp\/v2\/types\/page"}],"author":[{"embeddable":true,"href":"https:\/\/lagaleriedart.ch\/es\/wp-json\/wp\/v2\/users\/1"}],"replies":[{"embeddable":true,"href":"https:\/\/lagaleriedart.ch\/es\/wp-json\/wp\/v2\/comments?post=162"}],"version-history":[{"count":9,"href":"https:\/\/lagaleriedart.ch\/es\/wp-json\/wp\/v2\/pages\/162\/revisions"}],"predecessor-version":[{"id":11950,"href":"https:\/\/lagaleriedart.ch\/es\/wp-json\/wp\/v2\/pages\/162\/revisions\/11950"}],"wp:featuredmedia":[{"embeddable":true,"href":"https:\/\/lagaleriedart.ch\/es\/wp-json\/wp\/v2\/media\/96"}],"wp:attachment":[{"href":"https:\/\/lagaleriedart.ch\/es\/wp-json\/wp\/v2\/media?parent=162"}],"curies":[{"name":"wp","href":"https:\/\/api.w.org\/{rel}","templated":true}]}}